{"id":18,"date":"2020-09-26T11:21:34","date_gmt":"2020-09-26T11:21:34","guid":{"rendered":"https:\/\/edoo.webizon.pl\/?page_id=18"},"modified":"2025-09-01T08:12:58","modified_gmt":"2025-09-01T08:12:58","slug":"newsletter","status":"publish","type":"page","link":"https:\/\/www.wszib.edu.pl\/urbantalk\/newsletter\/","title":{"rendered":"Newsletter"},"content":{"rendered":"\n<div style=\"height:50px\" aria-hidden=\"true\" class=\"wp-block-spacer\"><\/div>\n\n\n\n<h2 class=\"wp-block-heading has-text-align-center\">B\u0105d\u017a na bie\u017c\u0105co z UrbanTalk<\/h2>\n\n\n\n<div style=\"height:50px\" aria-hidden=\"true\" class=\"wp-block-spacer\"><\/div>\n\n\n\n<div class=\"wp-block-cover alignfull is-light mb-0\"><span aria-hidden=\"true\" class=\"wp-block-cover__background has-background-dim-100 has-background-dim\" style=\"background-color:#414d99\"><\/span><div class=\"wp-block-cover__inner-container is-layout-flow wp-block-cover-is-layout-flow\">\n<div class=\"wp-block-group container newsletter-container\"><div class=\"wp-block-group__inner-container is-layout-flow wp-block-group-is-layout-flow\">\n<div class=\"wp-block-columns is-layout-flex wp-container-core-columns-is-layout-9d6595d7 wp-block-columns-is-layout-flex\">\n<div class=\"wp-block-column is-layout-flow wp-block-column-is-layout-flow\">\n<h2 class=\"wp-block-heading mb-5 mt-5 has-white-color has-text-color\" style=\"font-size:3rem\">UrbanTalk <strong>#wyznaczamykierunekmiasta<\/strong><\/h2>\n\n\n\n<p><strong>UrbanTalk<\/strong> #wyznaczamykierunkimiasta to roczna inicjatywa!&nbsp;Chcesz by\u0107 z nami na bie\u017c\u0105co? Chcia\u0142by\u015b\/ chcia\u0142aby\u015b dostawa\u0107 zaproszenia na debaty i webinary oraz&nbsp;informacj\u0119 o innych inicjatywach organizowanych w ramach #UT? Koniecznie zostaw maila!&nbsp;<br><br>I czekaj na porcj\u0119 \u015bwie\u017cych fotek z wydarze\u0144, raporty wpadaj\u0105ce wprost do Twojej skrzynki:)&nbsp;<\/p>\n<\/div>\n\n\n\n<div class=\"wp-block-column p-5 is-layout-flow wp-block-column-is-layout-flow\">\n<div class=\"wp-block-group p-5 card has-white-background-color has-background\"><div class=\"wp-block-group__inner-container is-layout-flow wp-block-group-is-layout-flow\">\n<figure class=\"wp-block-image size-full is-resized img-fluid\"><img loading=\"lazy\" decoding=\"async\" width=\"520\" height=\"256\" src=\"https:\/\/www.wszib.edu.pl\/urbantalk\/wp-content\/uploads\/2021\/08\/newsletter_bg-min.jpg\" alt=\"\" class=\"wp-image-480\" style=\"width:520px;height:256px\" srcset=\"https:\/\/www.wszib.edu.pl\/urbantalk\/wp-content\/uploads\/2021\/08\/newsletter_bg-min.jpg 520w, https:\/\/www.wszib.edu.pl\/urbantalk\/wp-content\/uploads\/2021\/08\/newsletter_bg-min-300x148.jpg 300w\" sizes=\"auto, (max-width: 520px) 100vw, 520px\" \/><\/figure>\n\n\n\n<h3 class=\"wp-block-heading green my-4 has-black-color has-text-color\">B\u0105d\u017a na bie\u017c\u0105co z UrbanTalk<\/h3>\n\n\n\n<!-- MailerLite Universal -->\n<script>\n    (function(w,d,e,u,f,l,n){w[f]=w[f]||function(){(w[f].q=w[f].q||[])\n    .push(arguments);},l=d.createElement(e),l.async=1,l.src=u,\n    n=d.getElementsByTagName(e)[0],n.parentNode.insertBefore(l,n);})\n    (window,document,'script','https:\/\/assets.mailerlite.com\/js\/universal.js','ml');\n    ml('account', '938615');\n<\/script>\n<!-- End MailerLite Universal -->\n<div class=\"ml-embedded\" data-form=\"kntr56\"><\/div>\n<\/div><\/div>\n<\/div>\n<\/div>\n<\/div><\/div>\n<\/div><\/div>\n","protected":false},"excerpt":{"rendered":"<p>B\u0105d\u017a na bie\u017c\u0105co z UrbanTalk<\/p>\n","protected":false},"author":9,"featured_media":0,"parent":0,"menu_order":0,"comment_status":"closed","ping_status":"closed","template":"","meta":{"_acf_changed":false,"footnotes":""},"class_list":["post-18","page","type-page","status-publish","hentry"],"acf":[],"yoast_head":"<!-- This site is optimized with the Yoast SEO plugin v27.3 - https:\/\/yoast.com\/product\/yoast-seo-wordpress\/ -->\n<title>Newsletter UrbanTalk. Do\u0142\u0105cz do zielonej inicjatywy! | WSZiB<\/title>\n<meta name=\"description\" content=\"Chcesz by\u0107 z nami na bie\u017c\u0105co? Chcesz dostawa\u0107 zaproszenia na debaty i webinary oraz informacj\u0119 o innych inicjatywach? Do\u0142\u0105cz do newslettera UrbanTalk!\" \/>\n<meta name=\"robots\" content=\"index, follow, max-snippet:-1, max-image-preview:large, max-video-preview:-1\" \/>\n<link rel=\"canonical\" href=\"https:\/\/www.wszib.edu.pl\/urbantalk\/newsletter\/\" \/>\n<meta property=\"og:locale\" content=\"pl_PL\" \/>\n<meta property=\"og:type\" content=\"article\" \/>\n<meta property=\"og:title\" content=\"Newsletter UrbanTalk. Do\u0142\u0105cz do zielonej inicjatywy! | WSZiB\" \/>\n<meta property=\"og:description\" content=\"Chcesz by\u0107 z nami na bie\u017c\u0105co? Chcesz dostawa\u0107 zaproszenia na debaty i webinary oraz informacj\u0119 o innych inicjatywach? Do\u0142\u0105cz do newslettera UrbanTalk!\" \/>\n<meta property=\"og:url\" content=\"https:\/\/www.wszib.edu.pl\/urbantalk\/newsletter\/\" \/>\n<meta property=\"og:site_name\" content=\"Urban Talk\" \/>\n<meta property=\"article:modified_time\" content=\"2025-09-01T08:12:58+00:00\" \/>\n<meta property=\"og:image\" content=\"https:\/\/www.wszib.edu.pl\/urbantalk\/wp-content\/uploads\/2021\/08\/newsletter_bg-min.jpg\" \/>\n\t<meta property=\"og:image:width\" content=\"520\" \/>\n\t<meta property=\"og:image:height\" content=\"256\" \/>\n\t<meta property=\"og:image:type\" content=\"image\/jpeg\" \/>\n<meta name=\"twitter:card\" content=\"summary_large_image\" \/>\n<meta name=\"twitter:label1\" content=\"Szacowany czas czytania\" \/>\n\t<meta name=\"twitter:data1\" content=\"1 minuta\" \/>\n<script type=\"application\/ld+json\" class=\"yoast-schema-graph\">{\"@context\":\"https:\\\/\\\/schema.org\",\"@graph\":[{\"@type\":\"WebPage\",\"@id\":\"https:\\\/\\\/www.wszib.edu.pl\\\/urbantalk\\\/newsletter\\\/\",\"url\":\"https:\\\/\\\/www.wszib.edu.pl\\\/urbantalk\\\/newsletter\\\/\",\"name\":\"Newsletter UrbanTalk. Do\u0142\u0105cz do zielonej inicjatywy! | WSZiB\",\"isPartOf\":{\"@id\":\"https:\\\/\\\/www.wszib.edu.pl\\\/urbantalk\\\/#website\"},\"primaryImageOfPage\":{\"@id\":\"https:\\\/\\\/www.wszib.edu.pl\\\/urbantalk\\\/newsletter\\\/#primaryimage\"},\"image\":{\"@id\":\"https:\\\/\\\/www.wszib.edu.pl\\\/urbantalk\\\/newsletter\\\/#primaryimage\"},\"thumbnailUrl\":\"https:\\\/\\\/www.wszib.edu.pl\\\/urbantalk\\\/wp-content\\\/uploads\\\/2021\\\/08\\\/newsletter_bg-min.jpg\",\"datePublished\":\"2020-09-26T11:21:34+00:00\",\"dateModified\":\"2025-09-01T08:12:58+00:00\",\"description\":\"Chcesz by\u0107 z nami na bie\u017c\u0105co? Chcesz dostawa\u0107 zaproszenia na debaty i webinary oraz informacj\u0119 o innych inicjatywach? Do\u0142\u0105cz do newslettera UrbanTalk!\",\"breadcrumb\":{\"@id\":\"https:\\\/\\\/www.wszib.edu.pl\\\/urbantalk\\\/newsletter\\\/#breadcrumb\"},\"inLanguage\":\"pl-PL\",\"potentialAction\":[{\"@type\":\"ReadAction\",\"target\":[\"https:\\\/\\\/www.wszib.edu.pl\\\/urbantalk\\\/newsletter\\\/\"]}]},{\"@type\":\"ImageObject\",\"inLanguage\":\"pl-PL\",\"@id\":\"https:\\\/\\\/www.wszib.edu.pl\\\/urbantalk\\\/newsletter\\\/#primaryimage\",\"url\":\"https:\\\/\\\/www.wszib.edu.pl\\\/urbantalk\\\/wp-content\\\/uploads\\\/2021\\\/08\\\/newsletter_bg-min.jpg\",\"contentUrl\":\"https:\\\/\\\/www.wszib.edu.pl\\\/urbantalk\\\/wp-content\\\/uploads\\\/2021\\\/08\\\/newsletter_bg-min.jpg\",\"width\":520,\"height\":256},{\"@type\":\"BreadcrumbList\",\"@id\":\"https:\\\/\\\/www.wszib.edu.pl\\\/urbantalk\\\/newsletter\\\/#breadcrumb\",\"itemListElement\":[{\"@type\":\"ListItem\",\"position\":1,\"name\":\"Strona g\u0142\u00f3wna\",\"item\":\"https:\\\/\\\/www.wszib.edu.pl\\\/urbantalk\\\/\"},{\"@type\":\"ListItem\",\"position\":2,\"name\":\"Newsletter\"}]},{\"@type\":\"WebSite\",\"@id\":\"https:\\\/\\\/www.wszib.edu.pl\\\/urbantalk\\\/#website\",\"url\":\"https:\\\/\\\/www.wszib.edu.pl\\\/urbantalk\\\/\",\"name\":\"Urban Talk\",\"description\":\"\",\"potentialAction\":[{\"@type\":\"SearchAction\",\"target\":{\"@type\":\"EntryPoint\",\"urlTemplate\":\"https:\\\/\\\/www.wszib.edu.pl\\\/urbantalk\\\/?s={search_term_string}\"},\"query-input\":{\"@type\":\"PropertyValueSpecification\",\"valueRequired\":true,\"valueName\":\"search_term_string\"}}],\"inLanguage\":\"pl-PL\"}]}<\/script>\n<!-- \/ Yoast SEO plugin. -->","yoast_head_json":{"title":"Newsletter UrbanTalk. Do\u0142\u0105cz do zielonej inicjatywy! | WSZiB","description":"Chcesz by\u0107 z nami na bie\u017c\u0105co? Chcesz dostawa\u0107 zaproszenia na debaty i webinary oraz informacj\u0119 o innych inicjatywach? Do\u0142\u0105cz do newslettera UrbanTalk!","robots":{"index":"index","follow":"follow","max-snippet":"max-snippet:-1","max-image-preview":"max-image-preview:large","max-video-preview":"max-video-preview:-1"},"canonical":"https:\/\/www.wszib.edu.pl\/urbantalk\/newsletter\/","og_locale":"pl_PL","og_type":"article","og_title":"Newsletter UrbanTalk. Do\u0142\u0105cz do zielonej inicjatywy! | WSZiB","og_description":"Chcesz by\u0107 z nami na bie\u017c\u0105co? Chcesz dostawa\u0107 zaproszenia na debaty i webinary oraz informacj\u0119 o innych inicjatywach? Do\u0142\u0105cz do newslettera UrbanTalk!","og_url":"https:\/\/www.wszib.edu.pl\/urbantalk\/newsletter\/","og_site_name":"Urban Talk","article_modified_time":"2025-09-01T08:12:58+00:00","og_image":[{"width":520,"height":256,"url":"https:\/\/www.wszib.edu.pl\/urbantalk\/wp-content\/uploads\/2021\/08\/newsletter_bg-min.jpg","type":"image\/jpeg"}],"twitter_card":"summary_large_image","twitter_misc":{"Szacowany czas czytania":"1 minuta"},"schema":{"@context":"https:\/\/schema.org","@graph":[{"@type":"WebPage","@id":"https:\/\/www.wszib.edu.pl\/urbantalk\/newsletter\/","url":"https:\/\/www.wszib.edu.pl\/urbantalk\/newsletter\/","name":"Newsletter UrbanTalk. Do\u0142\u0105cz do zielonej inicjatywy! | WSZiB","isPartOf":{"@id":"https:\/\/www.wszib.edu.pl\/urbantalk\/#website"},"primaryImageOfPage":{"@id":"https:\/\/www.wszib.edu.pl\/urbantalk\/newsletter\/#primaryimage"},"image":{"@id":"https:\/\/www.wszib.edu.pl\/urbantalk\/newsletter\/#primaryimage"},"thumbnailUrl":"https:\/\/www.wszib.edu.pl\/urbantalk\/wp-content\/uploads\/2021\/08\/newsletter_bg-min.jpg","datePublished":"2020-09-26T11:21:34+00:00","dateModified":"2025-09-01T08:12:58+00:00","description":"Chcesz by\u0107 z nami na bie\u017c\u0105co? Chcesz dostawa\u0107 zaproszenia na debaty i webinary oraz informacj\u0119 o innych inicjatywach? Do\u0142\u0105cz do newslettera UrbanTalk!","breadcrumb":{"@id":"https:\/\/www.wszib.edu.pl\/urbantalk\/newsletter\/#breadcrumb"},"inLanguage":"pl-PL","potentialAction":[{"@type":"ReadAction","target":["https:\/\/www.wszib.edu.pl\/urbantalk\/newsletter\/"]}]},{"@type":"ImageObject","inLanguage":"pl-PL","@id":"https:\/\/www.wszib.edu.pl\/urbantalk\/newsletter\/#primaryimage","url":"https:\/\/www.wszib.edu.pl\/urbantalk\/wp-content\/uploads\/2021\/08\/newsletter_bg-min.jpg","contentUrl":"https:\/\/www.wszib.edu.pl\/urbantalk\/wp-content\/uploads\/2021\/08\/newsletter_bg-min.jpg","width":520,"height":256},{"@type":"BreadcrumbList","@id":"https:\/\/www.wszib.edu.pl\/urbantalk\/newsletter\/#breadcrumb","itemListElement":[{"@type":"ListItem","position":1,"name":"Strona g\u0142\u00f3wna","item":"https:\/\/www.wszib.edu.pl\/urbantalk\/"},{"@type":"ListItem","position":2,"name":"Newsletter"}]},{"@type":"WebSite","@id":"https:\/\/www.wszib.edu.pl\/urbantalk\/#website","url":"https:\/\/www.wszib.edu.pl\/urbantalk\/","name":"Urban Talk","description":"","potentialAction":[{"@type":"SearchAction","target":{"@type":"EntryPoint","urlTemplate":"https:\/\/www.wszib.edu.pl\/urbantalk\/?s={search_term_string}"},"query-input":{"@type":"PropertyValueSpecification","valueRequired":true,"valueName":"search_term_string"}}],"inLanguage":"pl-PL"}]}},"_links":{"self":[{"href":"https:\/\/www.wszib.edu.pl\/urbantalk\/wp-json\/wp\/v2\/pages\/18","targetHints":{"allow":["GET"]}}],"collection":[{"href":"https:\/\/www.wszib.edu.pl\/urbantalk\/wp-json\/wp\/v2\/pages"}],"about":[{"href":"https:\/\/www.wszib.edu.pl\/urbantalk\/wp-json\/wp\/v2\/types\/page"}],"author":[{"embeddable":true,"href":"https:\/\/www.wszib.edu.pl\/urbantalk\/wp-json\/wp\/v2\/users\/9"}],"replies":[{"embeddable":true,"href":"https:\/\/www.wszib.edu.pl\/urbantalk\/wp-json\/wp\/v2\/comments?post=18"}],"version-history":[{"count":41,"href":"https:\/\/www.wszib.edu.pl\/urbantalk\/wp-json\/wp\/v2\/pages\/18\/revisions"}],"predecessor-version":[{"id":1818,"href":"https:\/\/www.wszib.edu.pl\/urbantalk\/wp-json\/wp\/v2\/pages\/18\/revisions\/1818"}],"wp:attachment":[{"href":"https:\/\/www.wszib.edu.pl\/urbantalk\/wp-json\/wp\/v2\/media?parent=18"}],"curies":[{"name":"wp","href":"https:\/\/api.w.org\/{rel}","templated":true}]}}