{"id":170,"date":"2021-08-20T10:21:08","date_gmt":"2021-08-20T10:21:08","guid":{"rendered":"https:\/\/urbantalk.webizon.pl\/?page_id=170"},"modified":"2022-12-02T09:37:58","modified_gmt":"2022-12-02T09:37:58","slug":"partnerzy","status":"publish","type":"page","link":"https:\/\/www.wszib.edu.pl\/urbantalk\/partnerzy\/","title":{"rendered":"Partnerzy"},"content":{"rendered":"<style>.wp-block-kadence-advancedgallery .kb-gallery-type-grid.kb-gallery-id-_64bf2b-ed{margin:-5px;}.kb-gallery-type-grid.kb-gallery-id-_64bf2b-ed .kadence-blocks-gallery-item{padding:5px;}.kb-gallery-id-_64bf2b-ed .kadence-blocks-gallery-item .kb-gal-image-radius, .kb-gallery-id-_64bf2b-ed .kb-slide-item .kb-gal-image-radius img{border-radius:0px 0px 0px 0px;;}<\/style><div class=\"kb-gallery-wrap-id-_64bf2b-ed alignnone partnerzy-galeria wp-block-kadence-advancedgallery\"><ul class=\"kb-gallery-ul kb-gallery-non-static kb-gallery-type-grid kb-gallery-id-_64bf2b-ed kb-gallery-caption-style-bottom-hover kb-gallery-filter-none\" data-image-filter=\"none\" data-item-selector=\".kadence-blocks-gallery-item\" data-lightbox-caption=\"true\" data-columns-xxl=\"3\" data-columns-xl=\"3\" data-columns-md=\"3\" data-columns-sm=\"2\" data-columns-xs=\"1\" data-columns-ss=\"1\"><li class=\"kadence-blocks-gallery-item\"><div class=\"kadence-blocks-gallery-item-inner\"><figure class=\"kb-gallery-figure kb-gallery-item-has-link kadence-blocks-gallery-item-hide-caption\"><a href=\"https:\/\/www.facebook.com\/hevrekazimierz\/\" class=\"kb-gallery-item-link\" target=\"_blank\" rel=\"noopener noreferrer\"><div class=\"kb-gal-image-radius\" style=\"max-width:512px;\"><div class=\"kb-gallery-image-contain kadence-blocks-gallery-intrinsic kb-gallery-image-ratio-inherit kb-has-image-ratio-inherit\" style=\"padding-bottom:50%;\"><img loading=\"lazy\" decoding=\"async\" src=\"https:\/\/www.wszib.edu.pl\/urbantalk\/wp-content\/uploads\/2021\/08\/unnamed.png\" width=\"512\" height=\"256\" alt=\"\" data-full-image=\"https:\/\/www.wszib.edu.pl\/urbantalk\/wp-content\/uploads\/2021\/08\/unnamed.png\" data-light-image=\"https:\/\/www.wszib.edu.pl\/urbantalk\/wp-content\/uploads\/2021\/08\/unnamed.png\" data-id=\"158\" class=\"wp-image-158\" srcset=\"https:\/\/www.wszib.edu.pl\/urbantalk\/wp-content\/uploads\/2021\/08\/unnamed.png 512w, https:\/\/www.wszib.edu.pl\/urbantalk\/wp-content\/uploads\/2021\/08\/unnamed-300x150.png 300w\" sizes=\"auto, (max-width: 512px) 100vw, 512px\" \/><\/div><\/div><\/a><\/figure><\/div><\/li><li class=\"kadence-blocks-gallery-item\"><div class=\"kadence-blocks-gallery-item-inner\"><figure class=\"kb-gallery-figure kb-gallery-item-has-link kadence-blocks-gallery-item-hide-caption\"><a href=\"https:\/\/zzm.krakow.pl\/\" class=\"kb-gallery-item-link\" target=\"_blank\" rel=\"noopener noreferrer\"><div class=\"kb-gal-image-radius\" style=\"max-width:334px;\"><div class=\"kb-gallery-image-contain kadence-blocks-gallery-intrinsic kb-gallery-image-ratio-inherit kb-has-image-ratio-inherit\" style=\"padding-bottom:45%;\"><img loading=\"lazy\" decoding=\"async\" src=\"https:\/\/www.wszib.edu.pl\/urbantalk\/wp-content\/uploads\/2021\/08\/zielen.png\" width=\"334\" height=\"151\" alt=\"\" data-full-image=\"https:\/\/www.wszib.edu.pl\/urbantalk\/wp-content\/uploads\/2021\/08\/zielen.png\" data-light-image=\"https:\/\/www.wszib.edu.pl\/urbantalk\/wp-content\/uploads\/2021\/08\/zielen.png\" data-id=\"159\" class=\"wp-image-159\" srcset=\"https:\/\/www.wszib.edu.pl\/urbantalk\/wp-content\/uploads\/2021\/08\/zielen.png 334w, https:\/\/www.wszib.edu.pl\/urbantalk\/wp-content\/uploads\/2021\/08\/zielen-300x136.png 300w\" sizes=\"auto, (max-width: 334px) 100vw, 334px\" \/><\/div><\/div><\/a><\/figure><\/div><\/li><li class=\"kadence-blocks-gallery-item\"><div class=\"kadence-blocks-gallery-item-inner\"><figure class=\"kb-gallery-figure kb-gallery-item-has-link kadence-blocks-gallery-item-hide-caption\"><a href=\"https:\/\/www.facebook.com\/KrakowskiAlarmSmogowy\/\" class=\"kb-gallery-item-link\" target=\"_blank\" rel=\"noopener noreferrer\"><div class=\"kb-gal-image-radius\" style=\"max-width:1024px;\"><div class=\"kb-gallery-image-contain kadence-blocks-gallery-intrinsic kb-gallery-image-ratio-inherit kb-has-image-ratio-inherit\" style=\"padding-bottom:66%;\"><img loading=\"lazy\" decoding=\"async\" src=\"https:\/\/www.wszib.edu.pl\/urbantalk\/wp-content\/uploads\/2021\/08\/SMOG_Krakowski-Alarm-1024x679.jpg\" width=\"1024\" height=\"679\" alt=\"\" data-full-image=\"https:\/\/www.wszib.edu.pl\/urbantalk\/wp-content\/uploads\/2021\/08\/SMOG_Krakowski-Alarm.jpg\" data-light-image=\"https:\/\/www.wszib.edu.pl\/urbantalk\/wp-content\/uploads\/2021\/08\/SMOG_Krakowski-Alarm.jpg\" data-id=\"160\" class=\"wp-image-160\" srcset=\"https:\/\/www.wszib.edu.pl\/urbantalk\/wp-content\/uploads\/2021\/08\/SMOG_Krakowski-Alarm-1024x679.jpg 1024w, https:\/\/www.wszib.edu.pl\/urbantalk\/wp-content\/uploads\/2021\/08\/SMOG_Krakowski-Alarm-300x199.jpg 300w, https:\/\/www.wszib.edu.pl\/urbantalk\/wp-content\/uploads\/2021\/08\/SMOG_Krakowski-Alarm-768x510.jpg 768w, https:\/\/www.wszib.edu.pl\/urbantalk\/wp-content\/uploads\/2021\/08\/SMOG_Krakowski-Alarm.jpg 1028w\" sizes=\"auto, (max-width: 1024px) 100vw, 1024px\" \/><\/div><\/div><\/a><\/figure><\/div><\/li><li class=\"kadence-blocks-gallery-item\"><div class=\"kadence-blocks-gallery-item-inner\"><figure class=\"kb-gallery-figure kb-gallery-item-has-link kadence-blocks-gallery-item-hide-caption\"><a href=\"https:\/\/www.krakow.pl\/\" class=\"kb-gallery-item-link\" target=\"_blank\" rel=\"noopener noreferrer\"><div class=\"kb-gal-image-radius\" style=\"max-width:342px;\"><div class=\"kb-gallery-image-contain kadence-blocks-gallery-intrinsic kb-gallery-image-ratio-inherit kb-has-image-ratio-inherit\" style=\"padding-bottom:42%;\"><img loading=\"lazy\" decoding=\"async\" src=\"https:\/\/www.wszib.edu.pl\/urbantalk\/wp-content\/uploads\/2021\/08\/download.png\" width=\"342\" height=\"147\" alt=\"\" data-full-image=\"https:\/\/www.wszib.edu.pl\/urbantalk\/wp-content\/uploads\/2021\/08\/download.png\" data-light-image=\"https:\/\/www.wszib.edu.pl\/urbantalk\/wp-content\/uploads\/2021\/08\/download.png\" data-id=\"162\" class=\"wp-image-162\" srcset=\"https:\/\/www.wszib.edu.pl\/urbantalk\/wp-content\/uploads\/2021\/08\/download.png 342w, https:\/\/www.wszib.edu.pl\/urbantalk\/wp-content\/uploads\/2021\/08\/download-300x129.png 300w\" sizes=\"auto, (max-width: 342px) 100vw, 342px\" \/><\/div><\/div><\/a><\/figure><\/div><\/li><li class=\"kadence-blocks-gallery-item\"><div class=\"kadence-blocks-gallery-item-inner\"><figure class=\"kb-gallery-figure kb-gallery-item-has-link kadence-blocks-gallery-item-hide-caption\"><a href=\"https:\/\/www.krakow.pl\/\" class=\"kb-gallery-item-link\" target=\"_blank\" rel=\"noopener noreferrer\"><div class=\"kb-gal-image-radius\" style=\"max-width:437px;\"><div class=\"kb-gallery-image-contain kadence-blocks-gallery-intrinsic kb-gallery-image-ratio-inherit kb-has-image-ratio-inherit\" style=\"padding-bottom:26%;\"><img loading=\"lazy\" decoding=\"async\" src=\"https:\/\/www.wszib.edu.pl\/urbantalk\/wp-content\/uploads\/2021\/08\/krakowpl.png\" width=\"437\" height=\"115\" alt=\"\" data-full-image=\"https:\/\/www.wszib.edu.pl\/urbantalk\/wp-content\/uploads\/2021\/08\/krakowpl.png\" data-light-image=\"https:\/\/www.wszib.edu.pl\/urbantalk\/wp-content\/uploads\/2021\/08\/krakowpl.png\" data-id=\"161\" class=\"wp-image-161\" srcset=\"https:\/\/www.wszib.edu.pl\/urbantalk\/wp-content\/uploads\/2021\/08\/krakowpl.png 437w, https:\/\/www.wszib.edu.pl\/urbantalk\/wp-content\/uploads\/2021\/08\/krakowpl-300x79.png 300w\" sizes=\"auto, (max-width: 437px) 100vw, 437px\" \/><\/div><\/div><\/a><\/figure><\/div><\/li><li class=\"kadence-blocks-gallery-item\"><div class=\"kadence-blocks-gallery-item-inner\"><figure class=\"kb-gallery-figure kb-gallery-item-has-link kadence-blocks-gallery-item-hide-caption\"><a href=\"https:\/\/dziennikpolski.pl\/\" class=\"kb-gallery-item-link\" target=\"_blank\" rel=\"noopener noreferrer\"><div class=\"kb-gal-image-radius\" style=\"max-width:854px;\"><div class=\"kb-gallery-image-contain kadence-blocks-gallery-intrinsic kb-gallery-image-ratio-inherit kb-has-image-ratio-inherit\" style=\"padding-bottom:19%;\"><img loading=\"lazy\" decoding=\"async\" src=\"https:\/\/www.wszib.edu.pl\/urbantalk\/wp-content\/uploads\/2021\/08\/DziennikP-min.jpg\" width=\"854\" height=\"167\" alt=\"\" data-full-image=\"https:\/\/www.wszib.edu.pl\/urbantalk\/wp-content\/uploads\/2021\/08\/DziennikP-min.jpg\" data-light-image=\"https:\/\/www.wszib.edu.pl\/urbantalk\/wp-content\/uploads\/2021\/08\/DziennikP-min.jpg\" data-id=\"387\" class=\"wp-image-387\" srcset=\"https:\/\/www.wszib.edu.pl\/urbantalk\/wp-content\/uploads\/2021\/08\/DziennikP-min.jpg 854w, https:\/\/www.wszib.edu.pl\/urbantalk\/wp-content\/uploads\/2021\/08\/DziennikP-min-300x59.jpg 300w, https:\/\/www.wszib.edu.pl\/urbantalk\/wp-content\/uploads\/2021\/08\/DziennikP-min-768x150.jpg 768w\" sizes=\"auto, (max-width: 854px) 100vw, 854px\" \/><\/div><\/div><\/a><\/figure><\/div><\/li><li class=\"kadence-blocks-gallery-item\" tabindex=\"0\"><div class=\"kadence-blocks-gallery-item-inner\"><figure class=\"kb-gallery-figure kadence-blocks-gallery-item-hide-caption\"><div class=\"kb-gal-image-radius\" style=\"max-width:1024px;\"><div class=\"kb-gallery-image-contain kadence-blocks-gallery-intrinsic kb-gallery-image-ratio-inherit kb-has-image-ratio-inherit\" style=\"padding-bottom:64%;\"><img loading=\"lazy\" decoding=\"async\" src=\"https:\/\/www.wszib.edu.pl\/urbantalk\/wp-content\/uploads\/2022\/03\/blue-radio-krakow-logo-rgb-1024x662.jpg\" width=\"1024\" height=\"662\" alt=\"\" data-full-image=\"https:\/\/www.wszib.edu.pl\/urbantalk\/wp-content\/uploads\/2022\/03\/blue-radio-krakow-logo-rgb.jpg\" data-light-image=\"https:\/\/www.wszib.edu.pl\/urbantalk\/wp-content\/uploads\/2022\/03\/blue-radio-krakow-logo-rgb.jpg\" data-id=\"992\" class=\"wp-image-992\" srcset=\"https:\/\/www.wszib.edu.pl\/urbantalk\/wp-content\/uploads\/2022\/03\/blue-radio-krakow-logo-rgb-1024x662.jpg 1024w, https:\/\/www.wszib.edu.pl\/urbantalk\/wp-content\/uploads\/2022\/03\/blue-radio-krakow-logo-rgb-300x194.jpg 300w, https:\/\/www.wszib.edu.pl\/urbantalk\/wp-content\/uploads\/2022\/03\/blue-radio-krakow-logo-rgb-768x497.jpg 768w, https:\/\/www.wszib.edu.pl\/urbantalk\/wp-content\/uploads\/2022\/03\/blue-radio-krakow-logo-rgb.jpg 1276w\" sizes=\"auto, (max-width: 1024px) 100vw, 1024px\" \/><\/div><\/div><\/figure><\/div><\/li><\/ul><\/div>","protected":false},"excerpt":{"rendered":"","protected":false},"author":9,"featured_media":0,"parent":0,"menu_order":0,"comment_status":"closed","ping_status":"closed","template":"","meta":{"_acf_changed":false,"footnotes":""},"class_list":["post-170","page","type-page","status-publish","hentry"],"acf":[],"yoast_head":"<!-- This site is optimized with the Yoast SEO plugin v27.1.1 - https:\/\/yoast.com\/product\/yoast-seo-wordpress\/ -->\n<title>Partnerzy UrbanTalk. Sprawd\u017a, kto wspiera zielon\u0105 inicjatyw\u0119! | WSZiB<\/title>\n<meta name=\"description\" content=\"Wydarzeniom UrbanTalk partneruj\u0105 m.in. Miasto Krak\u00f3w, Zarz\u0105d Zieleni Miejskiej, HEVRE, Krakowski Alarm Smogowy, Radio Krak\u00f3w czy Dziennik Polski.\" \/>\n<meta name=\"robots\" content=\"index, follow, max-snippet:-1, max-image-preview:large, max-video-preview:-1\" \/>\n<link rel=\"canonical\" href=\"https:\/\/www.wszib.edu.pl\/urbantalk\/partnerzy\/\" \/>\n<meta property=\"og:locale\" content=\"pl_PL\" \/>\n<meta property=\"og:type\" content=\"article\" \/>\n<meta property=\"og:title\" content=\"Partnerzy UrbanTalk. Sprawd\u017a, kto wspiera zielon\u0105 inicjatyw\u0119! | WSZiB\" \/>\n<meta property=\"og:description\" content=\"Wydarzeniom UrbanTalk partneruj\u0105 m.in. Miasto Krak\u00f3w, Zarz\u0105d Zieleni Miejskiej, HEVRE, Krakowski Alarm Smogowy, Radio Krak\u00f3w czy Dziennik Polski.\" \/>\n<meta property=\"og:url\" content=\"https:\/\/www.wszib.edu.pl\/urbantalk\/partnerzy\/\" \/>\n<meta property=\"og:site_name\" content=\"Urban Talk\" \/>\n<meta property=\"article:modified_time\" content=\"2022-12-02T09:37:58+00:00\" \/>\n<meta property=\"og:image\" content=\"https:\/\/www.wszib.edu.pl\/urbantalk\/wp-content\/uploads\/2021\/08\/unnamed.png\" \/>\n<meta name=\"twitter:card\" content=\"summary_large_image\" \/>\n<meta name=\"twitter:label1\" content=\"Szacowany czas czytania\" \/>\n\t<meta name=\"twitter:data1\" content=\"2 minuty\" \/>\n<script type=\"application\/ld+json\" class=\"yoast-schema-graph\">{\"@context\":\"https:\/\/schema.org\",\"@graph\":[{\"@type\":\"WebPage\",\"@id\":\"https:\/\/www.wszib.edu.pl\/urbantalk\/partnerzy\/\",\"url\":\"https:\/\/www.wszib.edu.pl\/urbantalk\/partnerzy\/\",\"name\":\"Partnerzy UrbanTalk. Sprawd\u017a, kto wspiera zielon\u0105 inicjatyw\u0119! | WSZiB\",\"isPartOf\":{\"@id\":\"https:\/\/www.wszib.edu.pl\/urbantalk\/#website\"},\"primaryImageOfPage\":{\"@id\":\"https:\/\/www.wszib.edu.pl\/urbantalk\/partnerzy\/#primaryimage\"},\"image\":{\"@id\":\"https:\/\/www.wszib.edu.pl\/urbantalk\/partnerzy\/#primaryimage\"},\"thumbnailUrl\":\"https:\/\/www.wszib.edu.pl\/urbantalk\/wp-content\/uploads\/2021\/08\/unnamed.png\",\"datePublished\":\"2021-08-20T10:21:08+00:00\",\"dateModified\":\"2022-12-02T09:37:58+00:00\",\"description\":\"Wydarzeniom UrbanTalk partneruj\u0105 m.in. Miasto Krak\u00f3w, Zarz\u0105d Zieleni Miejskiej, HEVRE, Krakowski Alarm Smogowy, Radio Krak\u00f3w czy Dziennik Polski.\",\"breadcrumb\":{\"@id\":\"https:\/\/www.wszib.edu.pl\/urbantalk\/partnerzy\/#breadcrumb\"},\"inLanguage\":\"pl-PL\",\"potentialAction\":[{\"@type\":\"ReadAction\",\"target\":[\"https:\/\/www.wszib.edu.pl\/urbantalk\/partnerzy\/\"]}]},{\"@type\":\"ImageObject\",\"inLanguage\":\"pl-PL\",\"@id\":\"https:\/\/www.wszib.edu.pl\/urbantalk\/partnerzy\/#primaryimage\",\"url\":\"https:\/\/www.wszib.edu.pl\/urbantalk\/wp-content\/uploads\/2021\/08\/unnamed.png\",\"contentUrl\":\"https:\/\/www.wszib.edu.pl\/urbantalk\/wp-content\/uploads\/2021\/08\/unnamed.png\",\"width\":512,\"height\":256},{\"@type\":\"BreadcrumbList\",\"@id\":\"https:\/\/www.wszib.edu.pl\/urbantalk\/partnerzy\/#breadcrumb\",\"itemListElement\":[{\"@type\":\"ListItem\",\"position\":1,\"name\":\"Strona g\u0142\u00f3wna\",\"item\":\"https:\/\/www.wszib.edu.pl\/urbantalk\/\"},{\"@type\":\"ListItem\",\"position\":2,\"name\":\"Partnerzy\"}]},{\"@type\":\"WebSite\",\"@id\":\"https:\/\/www.wszib.edu.pl\/urbantalk\/#website\",\"url\":\"https:\/\/www.wszib.edu.pl\/urbantalk\/\",\"name\":\"Urban Talk\",\"description\":\"\",\"potentialAction\":[{\"@type\":\"SearchAction\",\"target\":{\"@type\":\"EntryPoint\",\"urlTemplate\":\"https:\/\/www.wszib.edu.pl\/urbantalk\/?s={search_term_string}\"},\"query-input\":{\"@type\":\"PropertyValueSpecification\",\"valueRequired\":true,\"valueName\":\"search_term_string\"}}],\"inLanguage\":\"pl-PL\"}]}<\/script>\n<!-- \/ Yoast SEO plugin. -->","yoast_head_json":{"title":"Partnerzy UrbanTalk. Sprawd\u017a, kto wspiera zielon\u0105 inicjatyw\u0119! | WSZiB","description":"Wydarzeniom UrbanTalk partneruj\u0105 m.in. Miasto Krak\u00f3w, Zarz\u0105d Zieleni Miejskiej, HEVRE, Krakowski Alarm Smogowy, Radio Krak\u00f3w czy Dziennik Polski.","robots":{"index":"index","follow":"follow","max-snippet":"max-snippet:-1","max-image-preview":"max-image-preview:large","max-video-preview":"max-video-preview:-1"},"canonical":"https:\/\/www.wszib.edu.pl\/urbantalk\/partnerzy\/","og_locale":"pl_PL","og_type":"article","og_title":"Partnerzy UrbanTalk. Sprawd\u017a, kto wspiera zielon\u0105 inicjatyw\u0119! | WSZiB","og_description":"Wydarzeniom UrbanTalk partneruj\u0105 m.in. Miasto Krak\u00f3w, Zarz\u0105d Zieleni Miejskiej, HEVRE, Krakowski Alarm Smogowy, Radio Krak\u00f3w czy Dziennik Polski.","og_url":"https:\/\/www.wszib.edu.pl\/urbantalk\/partnerzy\/","og_site_name":"Urban Talk","article_modified_time":"2022-12-02T09:37:58+00:00","og_image":[{"url":"https:\/\/www.wszib.edu.pl\/urbantalk\/wp-content\/uploads\/2021\/08\/unnamed.png","type":"","width":"","height":""}],"twitter_card":"summary_large_image","twitter_misc":{"Szacowany czas czytania":"2 minuty"},"schema":{"@context":"https:\/\/schema.org","@graph":[{"@type":"WebPage","@id":"https:\/\/www.wszib.edu.pl\/urbantalk\/partnerzy\/","url":"https:\/\/www.wszib.edu.pl\/urbantalk\/partnerzy\/","name":"Partnerzy UrbanTalk. Sprawd\u017a, kto wspiera zielon\u0105 inicjatyw\u0119! | WSZiB","isPartOf":{"@id":"https:\/\/www.wszib.edu.pl\/urbantalk\/#website"},"primaryImageOfPage":{"@id":"https:\/\/www.wszib.edu.pl\/urbantalk\/partnerzy\/#primaryimage"},"image":{"@id":"https:\/\/www.wszib.edu.pl\/urbantalk\/partnerzy\/#primaryimage"},"thumbnailUrl":"https:\/\/www.wszib.edu.pl\/urbantalk\/wp-content\/uploads\/2021\/08\/unnamed.png","datePublished":"2021-08-20T10:21:08+00:00","dateModified":"2022-12-02T09:37:58+00:00","description":"Wydarzeniom UrbanTalk partneruj\u0105 m.in. Miasto Krak\u00f3w, Zarz\u0105d Zieleni Miejskiej, HEVRE, Krakowski Alarm Smogowy, Radio Krak\u00f3w czy Dziennik Polski.","breadcrumb":{"@id":"https:\/\/www.wszib.edu.pl\/urbantalk\/partnerzy\/#breadcrumb"},"inLanguage":"pl-PL","potentialAction":[{"@type":"ReadAction","target":["https:\/\/www.wszib.edu.pl\/urbantalk\/partnerzy\/"]}]},{"@type":"ImageObject","inLanguage":"pl-PL","@id":"https:\/\/www.wszib.edu.pl\/urbantalk\/partnerzy\/#primaryimage","url":"https:\/\/www.wszib.edu.pl\/urbantalk\/wp-content\/uploads\/2021\/08\/unnamed.png","contentUrl":"https:\/\/www.wszib.edu.pl\/urbantalk\/wp-content\/uploads\/2021\/08\/unnamed.png","width":512,"height":256},{"@type":"BreadcrumbList","@id":"https:\/\/www.wszib.edu.pl\/urbantalk\/partnerzy\/#breadcrumb","itemListElement":[{"@type":"ListItem","position":1,"name":"Strona g\u0142\u00f3wna","item":"https:\/\/www.wszib.edu.pl\/urbantalk\/"},{"@type":"ListItem","position":2,"name":"Partnerzy"}]},{"@type":"WebSite","@id":"https:\/\/www.wszib.edu.pl\/urbantalk\/#website","url":"https:\/\/www.wszib.edu.pl\/urbantalk\/","name":"Urban Talk","description":"","potentialAction":[{"@type":"SearchAction","target":{"@type":"EntryPoint","urlTemplate":"https:\/\/www.wszib.edu.pl\/urbantalk\/?s={search_term_string}"},"query-input":{"@type":"PropertyValueSpecification","valueRequired":true,"valueName":"search_term_string"}}],"inLanguage":"pl-PL"}]}},"_links":{"self":[{"href":"https:\/\/www.wszib.edu.pl\/urbantalk\/wp-json\/wp\/v2\/pages\/170","targetHints":{"allow":["GET"]}}],"collection":[{"href":"https:\/\/www.wszib.edu.pl\/urbantalk\/wp-json\/wp\/v2\/pages"}],"about":[{"href":"https:\/\/www.wszib.edu.pl\/urbantalk\/wp-json\/wp\/v2\/types\/page"}],"author":[{"embeddable":true,"href":"https:\/\/www.wszib.edu.pl\/urbantalk\/wp-json\/wp\/v2\/users\/9"}],"replies":[{"embeddable":true,"href":"https:\/\/www.wszib.edu.pl\/urbantalk\/wp-json\/wp\/v2\/comments?post=170"}],"version-history":[{"count":4,"href":"https:\/\/www.wszib.edu.pl\/urbantalk\/wp-json\/wp\/v2\/pages\/170\/revisions"}],"predecessor-version":[{"id":1272,"href":"https:\/\/www.wszib.edu.pl\/urbantalk\/wp-json\/wp\/v2\/pages\/170\/revisions\/1272"}],"wp:attachment":[{"href":"https:\/\/www.wszib.edu.pl\/urbantalk\/wp-json\/wp\/v2\/media?parent=170"}],"curies":[{"name":"wp","href":"https:\/\/api.w.org\/{rel}","templated":true}]}}