{"id":16,"date":"2020-09-26T11:21:21","date_gmt":"2020-09-26T11:21:21","guid":{"rendered":"https:\/\/edoo.webizon.pl\/?page_id=16"},"modified":"2025-01-09T10:35:15","modified_gmt":"2025-01-09T10:35:15","slug":"idea-urbantalk","status":"publish","type":"page","link":"https:\/\/www.wszib.edu.pl\/urbantalk\/idea-urbantalk\/","title":{"rendered":"Idea UrbanTalk"},"content":{"rendered":"\n<hr class=\"wp-block-separator has-css-opacity is-style-wide\"\/>\n\n\n\n<p><strong>UrbanTalk <\/strong>#wyznaczamykierunkimiasta to realizowany przez Wy\u017csz\u0105 Szko\u0142\u0119 Zarz\u0105dzania i Bankowo\u015bci w Krakowie cykl wydarze\u0144 po\u015bwi\u0119conych ekologii i \u017cyciu w mie\u015bcie.&nbsp;<\/p>\n\n\n\n<p><strong>Celem spotka\u0144 jest zaanga\u017cowanie lokalnej spo\u0142eczno\u015bci w debat\u0119 o kierunku rozwoju Krakowa i jego wp\u0142ywie na codzienne \u017cycie mieszka\u0144c\u00f3w.&nbsp;<\/strong><\/p>\n\n\n\n<p>UrbanTalk to panele dyskusyjne, webinary, filmy oraz spotkania edukacyjne z mieszka\u0144cami miasta i dla nich.<\/p>\n\n\n\n<p>Jednym z wa\u017cniejszych czynnik\u00f3w rozwoju miasta jest kapita\u0142 ludzki, obejmuj\u0105cy ludzi i ich umiej\u0119tno\u015bci, od kt\u00f3rych zale\u017cy przedsi\u0119biorczo\u015b\u0107, innowacyjno\u015b\u0107 i wzrost gospodarczy. W tworzeniu kapita\u0142u ludzkiego niebagateln\u0105 rol\u0119 pe\u0142ni\u0105 uczelnie wy\u017csze. Z tego powodu wiele miast posiadaj\u0105cych uczelnie wy\u017csze, w swoich strategiach rozwoju jako istotne cele wymienia wzrost jako\u015bci i innowacyjno\u015bci kszta\u0142cenia, przyci\u0105gni\u0119cie jak najwi\u0119kszej liczby student\u00f3w i oraz rozwijanie wsp\u00f3\u0142pracy mi\u0119dzy \u015brodowiskami nauki, biznesu i samorz\u0105du. Taka dyskusja toczy\u0142a si\u0119, tak\u017ce w Wy\u017cszej Szkole Zarz\u0105dzania i Bankowo\u015bci odno\u015bnie konceptu Strategii Rozwoju Krakowa &#8211; Tu chc\u0119 \u017cy\u0107. Krak\u00f3w 2030, kt\u00f3ra zosta\u0142a przyj\u0119ta Uchwa\u0142\u0105 nr XCIV\/2449\/18 Rady Miasta Krakowa z dnia 7 lutego 2018 r.&nbsp;<\/p>\n\n\n\n<p><em>Wy\u017csza Szko\u0142a Zarz\u0105dzania i Bankowo\u015bci od kilku lat przygl\u0105da si\u0119 strategii miasta Krakowa w kontek\u015bcie rozwoju Uczelni wy\u017cszych, ale te\u017c miejsca jakie zajmuje w niej student. Pandemia COVID19 pokaza\u0142o jasno, \u017ce brak student\u00f3w w ich Alma Mater ma nie tylko wp\u0142yw na zwolnienie rozwoju Uniwersytet\u00f3w jako miejsc krzewienia nauki i kultury. To ogromna strata dla miasta, kt\u00f3re od lat jest uzale\u017cnione od student\u00f3w gospodarczo (rynek mieszkaniowy, handlowy, transportowy, gastronomiczny czy us\u0142ug czasu wolnego). Ostatnie 1,5 roku powinno zmotywowa\u0107 nas do rozmowy, co &#8211; dalej z zr\u00f3wnowa\u017conym rozwojem Krakowa? Urban Talk #wyznaczamykierunkimiasta ma by\u0107 punktem zwrotnym w tej dyskusji.&nbsp;<\/em><\/p>\n\n\n\n<p class=\"has-text-align-right\"><em>Prof. dr hab. in\u017c. W\u0142odzimierz&nbsp; Roszczynialski&nbsp;<\/em><br><em>Rektor Wy\u017cszej Szko\u0142y Zarz\u0105dzania i Bankowo\u015bci w Krakowie<\/em><\/p>\n\n\n\n<p>  <\/p>\n\n\n\n<p> <\/p>\n\n\n\n<hr class=\"wp-block-separator has-css-opacity is-style-default\"\/>\n\n\n\n<p><\/p>\n\n\n\n<p><em>UrbanTalk #wyznaczamykierunki Miasta to  projekt uczelni podejmuj\u0105cy zagadnienia ekologii i zr\u00f3wnowa\u017conego rozwoju przestrzeni, w kt\u00f3rej na co dzie\u0144 \u017cyjemy. Zaprosili\u015bmy do projektu wspania\u0142ych specjalist\u00f3w, by wsp\u00f3lnie w szerszym gronie dyskutowa\u0107, co mo\u017cemy zrobi\u0107 w tym zakresie lepiej. Pandemia COVID 19 sparali\u017cowa\u0142a funkcjonowanie Krakowa, tak\u017ce jako miasta akademickiego. Powr\u00f3t do szk\u00f3\u0142 i uczelni to dobry czas, by zintegrowa\u0107 spo\u0142eczno\u015b\u0107 wok\u00f3\u0142 alarmuj\u0105cych wyzwa\u0144, m.in. ekologii i polepszeniu jako\u015bci \u017cycia w mie\u015bcie.<\/em><\/p>\n\n\n\n<p class=\"has-text-align-right\"><em>dr Borys Makary<br>Kanclerz Wy\u017cszej Szko\u0142y Zarz\u0105dzania i Bankowo\u015bci,<br>pomys\u0142odawca Projektu UrbanTalk<\/em><\/p>\n\n\n\n<hr class=\"wp-block-separator has-css-opacity\"\/>\n\n\n\n<p><em>&#8222;Miasto to organizm, kt\u00f3ry ca\u0142y czas si\u0119 rozwija, zmienia tak jak jego mieszka\u0144cy i ich potrzeby.<br>Dlatego tak wa\u017cne jest, by podtrzymywa\u0107 dialog o jego przysz\u0142o\u015bci, wyci\u0105ga\u0107 wnioski z pope\u0142nionych b\u0142\u0119d\u00f3w przy jego urz\u0105dzaniu tak by przysz\u0142ym pokoleniom \u017cy\u0142o si\u0119 dobrze.<br>Rozmowy z ekspertami pozwalaj\u0105 zrozumie\u0107 zawi\u0142e meandry urbanistyki oraz zale\u017cno\u015bci pomi\u0119dzy wszystkimi puzzlami, kt\u00f3re wp\u0142ywaj\u0105 na to jak dzia\u0142a miasto. Ws\u0142uchiwanie si\u0119 w potrzeby mieszka\u0144c\u00f3w, wzajemny dialog pomi\u0119dzy nimi a samorz\u0105dem czy urz\u0119dnikami pozwala napisa\u0107 dobry scenariusz dla przysz\u0142ych pokole\u0144.<br>Dlatego UrbanTalk to bardzo dobra inicjatywa, kt\u00f3ra pozwala nam poszerzy\u0107 wiedz\u0119, kt\u00f3ra mo\u017ce pom\u00f3c nam \u015bwiadomie wp\u0142ywa\u0107 na pozytywny rozw\u00f3j naszego miasta, dopasowany do naszych potrzeb z poszanowaniem dziedzictwa i \u015brodowiska.&#8221;<\/em><\/p>\n\n\n\n<p class=\"has-text-align-right\"><em>Edyta Kruk<br>Radna Dzielnicy I Stare Miasto<\/em><\/p>\n\n\n\n<figure class=\"wp-block-gallery has-nested-images columns-3 is-cropped wp-block-gallery-1 is-layout-flex wp-block-gallery-is-layout-flex\">\n<figure class=\"wp-block-image size-large\"><img loading=\"lazy\" decoding=\"async\" width=\"2048\" height=\"1138\" data-id=\"1525\" src=\"https:\/\/www.wszib.edu.pl\/urbantalk\/wp-content\/uploads\/2024\/12\/ut-przerobka-kopia-1024x569-1.png\" alt=\"\" class=\"wp-image-1525\" srcset=\"https:\/\/www.wszib.edu.pl\/urbantalk\/wp-content\/uploads\/2024\/12\/ut-przerobka-kopia-1024x569-1.png 2048w, https:\/\/www.wszib.edu.pl\/urbantalk\/wp-content\/uploads\/2024\/12\/ut-przerobka-kopia-1024x569-1-300x167.png 300w, https:\/\/www.wszib.edu.pl\/urbantalk\/wp-content\/uploads\/2024\/12\/ut-przerobka-kopia-1024x569-1-1024x569.png 1024w, https:\/\/www.wszib.edu.pl\/urbantalk\/wp-content\/uploads\/2024\/12\/ut-przerobka-kopia-1024x569-1-768x427.png 768w, https:\/\/www.wszib.edu.pl\/urbantalk\/wp-content\/uploads\/2024\/12\/ut-przerobka-kopia-1024x569-1-1536x854.png 1536w\" sizes=\"auto, (max-width: 2048px) 100vw, 2048px\" \/><\/figure>\n<\/figure>\n\n\n\n<div style=\"height:0px\" aria-hidden=\"true\" class=\"wp-block-spacer\"><\/div>\n\n\n\n<div class=\"wp-block-buttons is-horizontal is-content-justification-center is-layout-flex wp-container-core-buttons-is-layout-499968f5 wp-block-buttons-is-layout-flex\">\n<div class=\"wp-block-button\"><a class=\"wp-block-button__link\">Pobierz pdf<\/a><\/div>\n<\/div>\n","protected":false},"excerpt":{"rendered":"<p>UrbanTalk #wyznaczamykierunkimiasta to realizowany przez Wy\u017csz\u0105 Szko\u0142\u0119 Zarz\u0105dzania i Bankowo\u015bci w Krakowie cykl wydarze\u0144 po\u015bwi\u0119conych ekologii i \u017cyciu w mie\u015bcie.&nbsp; Celem spotka\u0144 jest zaanga\u017cowanie lokalnej spo\u0142eczno\u015bci w debat\u0119 o kierunku rozwoju Krakowa i jego wp\u0142ywie na codzienne \u017cycie mieszka\u0144c\u00f3w.&nbsp; UrbanTalk to panele dyskusyjne, webinary, filmy oraz spotkania edukacyjne z mieszka\u0144cami miasta i dla nich. Jednym [&hellip;]<\/p>\n","protected":false},"author":9,"featured_media":0,"parent":0,"menu_order":0,"comment_status":"closed","ping_status":"closed","template":"","meta":{"_acf_changed":false,"footnotes":""},"class_list":["post-16","page","type-page","status-publish","hentry"],"acf":[],"yoast_head":"<!-- This site is optimized with the Yoast SEO plugin v27.1.1 - https:\/\/yoast.com\/product\/yoast-seo-wordpress\/ -->\n<title>Idea UrbanTalk. Cel spotka\u0144 o ekologii i \u017cyciu w mie\u015bcie | WSZiB<\/title>\n<meta name=\"description\" content=\"UrbanTalk to panele dyskusyjne, webinary, filmy oraz spotkania edukacyjne z mieszka\u0144cami miasta i dla nich. Jaka jest g\u0142\u00f3wna idea i cel spotka\u0144? Sprawd\u017a!\" \/>\n<meta name=\"robots\" content=\"index, follow, max-snippet:-1, max-image-preview:large, max-video-preview:-1\" \/>\n<link rel=\"canonical\" href=\"https:\/\/www.wszib.edu.pl\/urbantalk\/idea-urbantalk\/\" \/>\n<meta property=\"og:locale\" content=\"pl_PL\" \/>\n<meta property=\"og:type\" content=\"article\" \/>\n<meta property=\"og:title\" content=\"Idea UrbanTalk. Cel spotka\u0144 o ekologii i \u017cyciu w mie\u015bcie | WSZiB\" \/>\n<meta property=\"og:description\" content=\"UrbanTalk to panele dyskusyjne, webinary, filmy oraz spotkania edukacyjne z mieszka\u0144cami miasta i dla nich. Jaka jest g\u0142\u00f3wna idea i cel spotka\u0144? Sprawd\u017a!\" \/>\n<meta property=\"og:url\" content=\"https:\/\/www.wszib.edu.pl\/urbantalk\/idea-urbantalk\/\" \/>\n<meta property=\"og:site_name\" content=\"Urban Talk\" \/>\n<meta property=\"article:modified_time\" content=\"2025-01-09T10:35:15+00:00\" \/>\n<meta property=\"og:image\" content=\"https:\/\/www.wszib.edu.pl\/urbantalk\/wp-content\/uploads\/2024\/12\/ut-przerobka-kopia-1024x569-1.png\" \/>\n<meta name=\"twitter:card\" content=\"summary_large_image\" \/>\n<meta name=\"twitter:label1\" content=\"Szacowany czas czytania\" \/>\n\t<meta name=\"twitter:data1\" content=\"4 minuty\" \/>\n<script type=\"application\/ld+json\" class=\"yoast-schema-graph\">{\"@context\":\"https:\/\/schema.org\",\"@graph\":[{\"@type\":\"WebPage\",\"@id\":\"https:\/\/www.wszib.edu.pl\/urbantalk\/idea-urbantalk\/\",\"url\":\"https:\/\/www.wszib.edu.pl\/urbantalk\/idea-urbantalk\/\",\"name\":\"Idea UrbanTalk. Cel spotka\u0144 o ekologii i \u017cyciu w mie\u015bcie | WSZiB\",\"isPartOf\":{\"@id\":\"https:\/\/www.wszib.edu.pl\/urbantalk\/#website\"},\"primaryImageOfPage\":{\"@id\":\"https:\/\/www.wszib.edu.pl\/urbantalk\/idea-urbantalk\/#primaryimage\"},\"image\":{\"@id\":\"https:\/\/www.wszib.edu.pl\/urbantalk\/idea-urbantalk\/#primaryimage\"},\"thumbnailUrl\":\"https:\/\/www.wszib.edu.pl\/urbantalk\/wp-content\/uploads\/2024\/12\/ut-przerobka-kopia-1024x569-1.png\",\"datePublished\":\"2020-09-26T11:21:21+00:00\",\"dateModified\":\"2025-01-09T10:35:15+00:00\",\"description\":\"UrbanTalk to panele dyskusyjne, webinary, filmy oraz spotkania edukacyjne z mieszka\u0144cami miasta i dla nich. Jaka jest g\u0142\u00f3wna idea i cel spotka\u0144? Sprawd\u017a!\",\"breadcrumb\":{\"@id\":\"https:\/\/www.wszib.edu.pl\/urbantalk\/idea-urbantalk\/#breadcrumb\"},\"inLanguage\":\"pl-PL\",\"potentialAction\":[{\"@type\":\"ReadAction\",\"target\":[\"https:\/\/www.wszib.edu.pl\/urbantalk\/idea-urbantalk\/\"]}]},{\"@type\":\"ImageObject\",\"inLanguage\":\"pl-PL\",\"@id\":\"https:\/\/www.wszib.edu.pl\/urbantalk\/idea-urbantalk\/#primaryimage\",\"url\":\"https:\/\/www.wszib.edu.pl\/urbantalk\/wp-content\/uploads\/2024\/12\/ut-przerobka-kopia-1024x569-1.png\",\"contentUrl\":\"https:\/\/www.wszib.edu.pl\/urbantalk\/wp-content\/uploads\/2024\/12\/ut-przerobka-kopia-1024x569-1.png\",\"width\":2048,\"height\":1138},{\"@type\":\"BreadcrumbList\",\"@id\":\"https:\/\/www.wszib.edu.pl\/urbantalk\/idea-urbantalk\/#breadcrumb\",\"itemListElement\":[{\"@type\":\"ListItem\",\"position\":1,\"name\":\"Strona g\u0142\u00f3wna\",\"item\":\"https:\/\/www.wszib.edu.pl\/urbantalk\/\"},{\"@type\":\"ListItem\",\"position\":2,\"name\":\"Idea UrbanTalk\"}]},{\"@type\":\"WebSite\",\"@id\":\"https:\/\/www.wszib.edu.pl\/urbantalk\/#website\",\"url\":\"https:\/\/www.wszib.edu.pl\/urbantalk\/\",\"name\":\"Urban Talk\",\"description\":\"\",\"potentialAction\":[{\"@type\":\"SearchAction\",\"target\":{\"@type\":\"EntryPoint\",\"urlTemplate\":\"https:\/\/www.wszib.edu.pl\/urbantalk\/?s={search_term_string}\"},\"query-input\":{\"@type\":\"PropertyValueSpecification\",\"valueRequired\":true,\"valueName\":\"search_term_string\"}}],\"inLanguage\":\"pl-PL\"}]}<\/script>\n<!-- \/ Yoast SEO plugin. -->","yoast_head_json":{"title":"Idea UrbanTalk. Cel spotka\u0144 o ekologii i \u017cyciu w mie\u015bcie | WSZiB","description":"UrbanTalk to panele dyskusyjne, webinary, filmy oraz spotkania edukacyjne z mieszka\u0144cami miasta i dla nich. Jaka jest g\u0142\u00f3wna idea i cel spotka\u0144? Sprawd\u017a!","robots":{"index":"index","follow":"follow","max-snippet":"max-snippet:-1","max-image-preview":"max-image-preview:large","max-video-preview":"max-video-preview:-1"},"canonical":"https:\/\/www.wszib.edu.pl\/urbantalk\/idea-urbantalk\/","og_locale":"pl_PL","og_type":"article","og_title":"Idea UrbanTalk. Cel spotka\u0144 o ekologii i \u017cyciu w mie\u015bcie | WSZiB","og_description":"UrbanTalk to panele dyskusyjne, webinary, filmy oraz spotkania edukacyjne z mieszka\u0144cami miasta i dla nich. Jaka jest g\u0142\u00f3wna idea i cel spotka\u0144? Sprawd\u017a!","og_url":"https:\/\/www.wszib.edu.pl\/urbantalk\/idea-urbantalk\/","og_site_name":"Urban Talk","article_modified_time":"2025-01-09T10:35:15+00:00","og_image":[{"url":"https:\/\/www.wszib.edu.pl\/urbantalk\/wp-content\/uploads\/2024\/12\/ut-przerobka-kopia-1024x569-1.png","type":"","width":"","height":""}],"twitter_card":"summary_large_image","twitter_misc":{"Szacowany czas czytania":"4 minuty"},"schema":{"@context":"https:\/\/schema.org","@graph":[{"@type":"WebPage","@id":"https:\/\/www.wszib.edu.pl\/urbantalk\/idea-urbantalk\/","url":"https:\/\/www.wszib.edu.pl\/urbantalk\/idea-urbantalk\/","name":"Idea UrbanTalk. Cel spotka\u0144 o ekologii i \u017cyciu w mie\u015bcie | WSZiB","isPartOf":{"@id":"https:\/\/www.wszib.edu.pl\/urbantalk\/#website"},"primaryImageOfPage":{"@id":"https:\/\/www.wszib.edu.pl\/urbantalk\/idea-urbantalk\/#primaryimage"},"image":{"@id":"https:\/\/www.wszib.edu.pl\/urbantalk\/idea-urbantalk\/#primaryimage"},"thumbnailUrl":"https:\/\/www.wszib.edu.pl\/urbantalk\/wp-content\/uploads\/2024\/12\/ut-przerobka-kopia-1024x569-1.png","datePublished":"2020-09-26T11:21:21+00:00","dateModified":"2025-01-09T10:35:15+00:00","description":"UrbanTalk to panele dyskusyjne, webinary, filmy oraz spotkania edukacyjne z mieszka\u0144cami miasta i dla nich. Jaka jest g\u0142\u00f3wna idea i cel spotka\u0144? Sprawd\u017a!","breadcrumb":{"@id":"https:\/\/www.wszib.edu.pl\/urbantalk\/idea-urbantalk\/#breadcrumb"},"inLanguage":"pl-PL","potentialAction":[{"@type":"ReadAction","target":["https:\/\/www.wszib.edu.pl\/urbantalk\/idea-urbantalk\/"]}]},{"@type":"ImageObject","inLanguage":"pl-PL","@id":"https:\/\/www.wszib.edu.pl\/urbantalk\/idea-urbantalk\/#primaryimage","url":"https:\/\/www.wszib.edu.pl\/urbantalk\/wp-content\/uploads\/2024\/12\/ut-przerobka-kopia-1024x569-1.png","contentUrl":"https:\/\/www.wszib.edu.pl\/urbantalk\/wp-content\/uploads\/2024\/12\/ut-przerobka-kopia-1024x569-1.png","width":2048,"height":1138},{"@type":"BreadcrumbList","@id":"https:\/\/www.wszib.edu.pl\/urbantalk\/idea-urbantalk\/#breadcrumb","itemListElement":[{"@type":"ListItem","position":1,"name":"Strona g\u0142\u00f3wna","item":"https:\/\/www.wszib.edu.pl\/urbantalk\/"},{"@type":"ListItem","position":2,"name":"Idea UrbanTalk"}]},{"@type":"WebSite","@id":"https:\/\/www.wszib.edu.pl\/urbantalk\/#website","url":"https:\/\/www.wszib.edu.pl\/urbantalk\/","name":"Urban Talk","description":"","potentialAction":[{"@type":"SearchAction","target":{"@type":"EntryPoint","urlTemplate":"https:\/\/www.wszib.edu.pl\/urbantalk\/?s={search_term_string}"},"query-input":{"@type":"PropertyValueSpecification","valueRequired":true,"valueName":"search_term_string"}}],"inLanguage":"pl-PL"}]}},"_links":{"self":[{"href":"https:\/\/www.wszib.edu.pl\/urbantalk\/wp-json\/wp\/v2\/pages\/16","targetHints":{"allow":["GET"]}}],"collection":[{"href":"https:\/\/www.wszib.edu.pl\/urbantalk\/wp-json\/wp\/v2\/pages"}],"about":[{"href":"https:\/\/www.wszib.edu.pl\/urbantalk\/wp-json\/wp\/v2\/types\/page"}],"author":[{"embeddable":true,"href":"https:\/\/www.wszib.edu.pl\/urbantalk\/wp-json\/wp\/v2\/users\/9"}],"replies":[{"embeddable":true,"href":"https:\/\/www.wszib.edu.pl\/urbantalk\/wp-json\/wp\/v2\/comments?post=16"}],"version-history":[{"count":22,"href":"https:\/\/www.wszib.edu.pl\/urbantalk\/wp-json\/wp\/v2\/pages\/16\/revisions"}],"predecessor-version":[{"id":1534,"href":"https:\/\/www.wszib.edu.pl\/urbantalk\/wp-json\/wp\/v2\/pages\/16\/revisions\/1534"}],"wp:attachment":[{"href":"https:\/\/www.wszib.edu.pl\/urbantalk\/wp-json\/wp\/v2\/media?parent=16"}],"curies":[{"name":"wp","href":"https:\/\/api.w.org\/{rel}","templated":true}]}}